{"id":8853,"date":"2025-02-07T17:18:00","date_gmt":"2025-02-07T17:18:00","guid":{"rendered":"https:\/\/lagattamatta.com\/?post_type=product&#038;p=8853"},"modified":"2025-02-07T17:19:32","modified_gmt":"2025-02-07T17:19:32","slug":"boxer-3201-primal","status":"publish","type":"product","link":"https:\/\/lagattamatta.com\/?product=boxer-3201-primal","title":{"rendered":"BOXER 3201 PRIMAL"},"content":{"rendered":"<p>Boxer uomo 3201 della linea\u00a0 Primal<\/p>\n<p>Boxer Primal 3201 sono realizzati in cotone bi-elasticizzato.<\/p>\n<p>Questo materiale offre un fit aderente ma flessibile che si adatta perfettamente al tuo corpo, permettendoti di muoverti con agilit\u00e0 in qualsiasi situazione.<\/p>\n<p>Composizione: 90% da cotone, che offre una sensazione di freschezza e morbidezza sulla pelle, il restante 10% \u00e8 elastam, il quale garantisce l&#8217;elasticit\u00e0 necessaria per una vestibilit\u00e0 perfetta.<\/p>\n<p>Disponibile nel colore Bianco, nero, blu e grigio e nelle taglie dalla 3\/S alla 7\/XXL<\/p>\n","protected":false},"excerpt":{"rendered":"<p>Boxer uomo 3201 della linea\u00a0 Primal Boxer Primal 3201 sono realizzati in cotone bi-elasticizzato. Questo materiale offre un fit aderente ma flessibile che si adatta perfettamente al tuo corpo, permettendoti di muoverti con agilit\u00e0 in qualsiasi situazione. Composizione: 90% da cotone, che offre una sensazione di freschezza e morbidezza sulla pelle, il restante 10% \u00e8 [&hellip;]<\/p>\n","protected":false},"featured_media":8874,"template":"","meta":[],"product_brand":[],"product_cat":[89,70],"product_tag":[95],"class_list":{"0":"post-8853","1":"product","2":"type-product","3":"status-publish","4":"has-post-thumbnail","6":"product_cat-mutande","7":"product_cat-uomo","8":"product_tag-boxer","10":"first","11":"instock","12":"shipping-taxable","13":"purchasable","14":"product-type-variable","15":"add-to-wishlist-after_add_to_cart"},"_links":{"self":[{"href":"https:\/\/lagattamatta.com\/index.php?rest_route=\/wp\/v2\/product\/8853","targetHints":{"allow":["GET"]}}],"collection":[{"href":"https:\/\/lagattamatta.com\/index.php?rest_route=\/wp\/v2\/product"}],"about":[{"href":"https:\/\/lagattamatta.com\/index.php?rest_route=\/wp\/v2\/types\/product"}],"wp:featuredmedia":[{"embeddable":true,"href":"https:\/\/lagattamatta.com\/index.php?rest_route=\/wp\/v2\/media\/8874"}],"wp:attachment":[{"href":"https:\/\/lagattamatta.com\/index.php?rest_route=%2Fwp%2Fv2%2Fmedia&parent=8853"}],"wp:term":[{"taxonomy":"product_brand","embeddable":true,"href":"https:\/\/lagattamatta.com\/index.php?rest_route=%2Fwp%2Fv2%2Fproduct_brand&post=8853"},{"taxonomy":"product_cat","embeddable":true,"href":"https:\/\/lagattamatta.com\/index.php?rest_route=%2Fwp%2Fv2%2Fproduct_cat&post=8853"},{"taxonomy":"product_tag","embeddable":true,"href":"https:\/\/lagattamatta.com\/index.php?rest_route=%2Fwp%2Fv2%2Fproduct_tag&post=8853"}],"curies":[{"name":"wp","href":"https:\/\/api.w.org\/{rel}","templated":true}]}}