{"id":8768,"date":"2025-02-07T10:36:20","date_gmt":"2025-02-07T10:36:20","guid":{"rendered":"https:\/\/lagattamatta.com\/?post_type=product&#038;p=8768"},"modified":"2025-03-15T16:53:16","modified_gmt":"2025-03-15T16:53:16","slug":"body-lovable-3990","status":"publish","type":"product","link":"https:\/\/lagattamatta.com\/?product=body-lovable-3990","title":{"rendered":"BODY LOVABLE art.13990"},"content":{"rendered":"<p>Body intimo senza ferretti LOVABLE 3990 della linea Lov&#8217;Ring in morbido cotone e dettagli in pizzo.<\/p>\n<p>Modella dolcemente le curve donando un tocco romantico e sensuale.<\/p>\n<p>Garantisce una media contenitivit\u00e0 e una vestibilit\u00e0 ottimale.<\/p>\n<p>La chiusura \u00e8 ad una regolazione con occhiello.<\/p>\n<p>Disponibile nelle taglie 3,4,5 e 6\u00a0 in Coppa B e C bianco e nero<\/p>\n","protected":false},"excerpt":{"rendered":"<p>Body intimo senza ferretti LOVABLE 3990 della linea Lov&#8217;Ring in morbido cotone e dettagli in pizzo. Modella dolcemente le curve donando un tocco romantico e sensuale. Garantisce una media contenitivit\u00e0 e una vestibilit\u00e0 ottimale. La chiusura \u00e8 ad una regolazione con occhiello. Disponibile nelle taglie 3,4,5 e 6\u00a0 in Coppa B e C bianco e [&hellip;]<\/p>\n","protected":false},"featured_media":8777,"template":"","meta":[],"product_brand":[],"product_cat":[74],"product_tag":[],"class_list":{"0":"post-8768","1":"product","2":"type-product","3":"status-publish","4":"has-post-thumbnail","6":"product_cat-body","8":"first","9":"instock","10":"shipping-taxable","11":"product-type-variable","12":"add-to-wishlist-after_add_to_cart"},"_links":{"self":[{"href":"https:\/\/lagattamatta.com\/index.php?rest_route=\/wp\/v2\/product\/8768","targetHints":{"allow":["GET"]}}],"collection":[{"href":"https:\/\/lagattamatta.com\/index.php?rest_route=\/wp\/v2\/product"}],"about":[{"href":"https:\/\/lagattamatta.com\/index.php?rest_route=\/wp\/v2\/types\/product"}],"wp:featuredmedia":[{"embeddable":true,"href":"https:\/\/lagattamatta.com\/index.php?rest_route=\/wp\/v2\/media\/8777"}],"wp:attachment":[{"href":"https:\/\/lagattamatta.com\/index.php?rest_route=%2Fwp%2Fv2%2Fmedia&parent=8768"}],"wp:term":[{"taxonomy":"product_brand","embeddable":true,"href":"https:\/\/lagattamatta.com\/index.php?rest_route=%2Fwp%2Fv2%2Fproduct_brand&post=8768"},{"taxonomy":"product_cat","embeddable":true,"href":"https:\/\/lagattamatta.com\/index.php?rest_route=%2Fwp%2Fv2%2Fproduct_cat&post=8768"},{"taxonomy":"product_tag","embeddable":true,"href":"https:\/\/lagattamatta.com\/index.php?rest_route=%2Fwp%2Fv2%2Fproduct_tag&post=8768"}],"curies":[{"name":"wp","href":"https:\/\/api.w.org\/{rel}","templated":true}]}}