{"id":7830,"date":"2024-10-29T11:15:43","date_gmt":"2024-10-29T11:15:43","guid":{"rendered":"https:\/\/lagattamatta.com\/?post_type=product&#038;p=7830"},"modified":"2025-03-11T10:03:33","modified_gmt":"2025-03-11T10:03:33","slug":"reggiseno-di-prova-1","status":"publish","type":"product","link":"https:\/\/lagattamatta.com\/?product=reggiseno-di-prova-1","title":{"rendered":"SI\u00e8LEI  art1946"},"content":{"rendered":"<p><strong>Push-up Si\u00e8Lei linea Glam Art. 1946<\/strong><\/p>\n<p>&#8211;\u00a0con ferretto;<\/p>\n<p>&#8211; coppe graduate;<\/p>\n<p>&#8211; con tulle elasticizzato finemente ricamato\u00a0a motivi floreali.<\/p>\n<p>Glam\u00a0\u00e8 la nuova proposta S\u00ec\u00e8lei di intimo continuativo con un gioco di trasparenze che accompagna\u00a0le forme femminili e li esalta.<\/p>\n","protected":false},"excerpt":{"rendered":"<p>Qui la descrizione breve<\/p>\n","protected":false},"featured_media":9383,"template":"","meta":[],"product_brand":[],"product_cat":[72,73],"product_tag":[81],"class_list":{"0":"post-7830","1":"product","2":"type-product","3":"status-publish","4":"has-post-thumbnail","6":"product_cat-donna","7":"product_cat-reggiseno","8":"product_tag-reggiseno-vetrina","9":"new","11":"first","12":"instock","13":"featured","14":"shipping-taxable","15":"purchasable","16":"product-type-variable","17":"add-to-wishlist-after_add_to_cart"},"_links":{"self":[{"href":"https:\/\/lagattamatta.com\/index.php?rest_route=\/wp\/v2\/product\/7830","targetHints":{"allow":["GET"]}}],"collection":[{"href":"https:\/\/lagattamatta.com\/index.php?rest_route=\/wp\/v2\/product"}],"about":[{"href":"https:\/\/lagattamatta.com\/index.php?rest_route=\/wp\/v2\/types\/product"}],"wp:featuredmedia":[{"embeddable":true,"href":"https:\/\/lagattamatta.com\/index.php?rest_route=\/wp\/v2\/media\/9383"}],"wp:attachment":[{"href":"https:\/\/lagattamatta.com\/index.php?rest_route=%2Fwp%2Fv2%2Fmedia&parent=7830"}],"wp:term":[{"taxonomy":"product_brand","embeddable":true,"href":"https:\/\/lagattamatta.com\/index.php?rest_route=%2Fwp%2Fv2%2Fproduct_brand&post=7830"},{"taxonomy":"product_cat","embeddable":true,"href":"https:\/\/lagattamatta.com\/index.php?rest_route=%2Fwp%2Fv2%2Fproduct_cat&post=7830"},{"taxonomy":"product_tag","embeddable":true,"href":"https:\/\/lagattamatta.com\/index.php?rest_route=%2Fwp%2Fv2%2Fproduct_tag&post=7830"}],"curies":[{"name":"wp","href":"https:\/\/api.w.org\/{rel}","templated":true}]}}